{"id":603,"date":"2017-02-02T12:28:04","date_gmt":"2017-02-02T12:28:04","guid":{"rendered":"http:\/\/test.kriesi.at\/enfold-2017\/?page_id=603"},"modified":"2025-01-06T10:47:37","modified_gmt":"2025-01-06T10:47:37","slug":"teenused","status":"publish","type":"page","link":"https:\/\/longplay.ee\/et\/teenused\/","title":{"rendered":"Teenused"},"content":{"rendered":"\n<style type=\"text\/css\" data-created_by=\"avia_inline_auto\" id=\"style-css-av-33biiz-a7666138e41d7a35187a5b231cbc5956\">\n.avia-section.av-33biiz-a7666138e41d7a35187a5b231cbc5956{\nbackground-color:#ffffff;\nbackground-image:url(https:\/\/longplay.ee\/et\/wp-content\/uploads\/2017\/01\/Recording-Studio-Background-Wallpaper-Rap-studio-bac.jpg);\nbackground-repeat:no-repeat;\nbackground-position:50% 50%;\nbackground-attachment:fixed;\n}\n<\/style>\n<div id='av_section_1'  class='avia-section av-33biiz-a7666138e41d7a35187a5b231cbc5956 main_color avia-section-huge avia-no-border-styling  avia-builder-el-0  el_before_av_section  avia-builder-el-first  avia-full-stretch avia-bg-style-fixed container_wrap sidebar_right'  data-section-bg-repeat='stretch'><div class='container av-section-cont-open' ><main  role=\"main\" itemprop=\"mainContentOfPage\"  class='template-page content  av-content-small alpha units'><div class='post-entry post-entry-type-page post-entry-603'><div class='entry-content-wrapper clearfix'>\n<\/div><\/div><\/main><!-- close content main element --><\/div><\/div><div id='av_section_2'  class='avia-section av-2vro9f-88b4d878cfb5fce7c6a0d14513324ecf main_color avia-section-large avia-no-border-styling  avia-builder-el-1  el_after_av_section  avia-builder-el-last  avia-bg-style-scroll container_wrap sidebar_right'  ><div class='container av-section-cont-open' ><div class='template-page content  av-content-small alpha units'><div class='post-entry post-entry-type-page post-entry-603'><div class='entry-content-wrapper clearfix'>\n\n<style type=\"text\/css\" data-created_by=\"avia_inline_auto\" id=\"style-css-av-2q25cb-3dca26c6b2a06da81dd2540fa53145e3\">\n.flex_column.av-2q25cb-3dca26c6b2a06da81dd2540fa53145e3{\nborder-radius:0px 0px 0px 0px;\npadding:0px 0px 0px 0px;\n}\n<\/style>\n<div  class='flex_column av-2q25cb-3dca26c6b2a06da81dd2540fa53145e3 av_one_half  avia-builder-el-2  el_before_av_one_half  avia-builder-el-first  first flex_column_div av-zero-column-padding  '     ><p>\n<style type=\"text\/css\" data-created_by=\"avia_inline_auto\" id=\"style-css-av-2kkj57-f8ccc94205a88911022564c7ce5b4716\">\n#top .av-special-heading.av-2kkj57-f8ccc94205a88911022564c7ce5b4716{\npadding-bottom:0;\ncolor:#0a0a0a;\nfont-size:50px;\n}\nbody .av-special-heading.av-2kkj57-f8ccc94205a88911022564c7ce5b4716 .av-special-heading-tag .heading-char{\nfont-size:25px;\n}\n#top #wrap_all .av-special-heading.av-2kkj57-f8ccc94205a88911022564c7ce5b4716 .av-special-heading-tag{\nfont-size:50px;\n}\n.av-special-heading.av-2kkj57-f8ccc94205a88911022564c7ce5b4716 .special-heading-inner-border{\nborder-color:#0a0a0a;\n}\n.av-special-heading.av-2kkj57-f8ccc94205a88911022564c7ce5b4716 .av-subheading{\nfont-size:25px;\n}\n\n@media only screen and (min-width: 480px) and (max-width: 767px){ \n#top #wrap_all .av-special-heading.av-2kkj57-f8ccc94205a88911022564c7ce5b4716 .av-special-heading-tag{\nfont-size:0.8em;\n}\n}\n\n@media only screen and (max-width: 479px){ \n#top #wrap_all .av-special-heading.av-2kkj57-f8ccc94205a88911022564c7ce5b4716 .av-special-heading-tag{\nfont-size:0.8em;\n}\n}\n<\/style>\n<div  class='av-special-heading av-2kkj57-f8ccc94205a88911022564c7ce5b4716 av-special-heading-h1 custom-color-heading blockquote modern-quote modern-centered  avia-builder-el-3  el_before_av_iconlist  avia-builder-el-first  av-thin-font av-inherit-size'><h1 class='av-special-heading-tag '  itemprop=\"headline\"  ><strong>Teenused, mida pakume<\/strong><\/h1><div class=\"special-heading-border\"><div class=\"special-heading-inner-border\"><\/div><\/div><\/div><br \/>\n\n<style type=\"text\/css\" data-created_by=\"avia_inline_auto\" id=\"style-css-av-2bymib-fffe128762e3b415ca1d88efcf669e60\">\n#top .avia-icon-list-container.av-2bymib-fffe128762e3b415ca1d88efcf669e60 .iconlist_icon{\ncolor:#0a0a0a;\nfont-size:18px;\n}\n#top #wrap_all .avia-icon-list-container.av-2bymib-fffe128762e3b415ca1d88efcf669e60 .av_iconlist_title{\nfont-size:18px;\ncolor:#0a0a0a;\n}\n.avia-icon-list-container.av-2bymib-fffe128762e3b415ca1d88efcf669e60 .iconlist_content{\ncolor:#4f4f4f;\n}\n<\/style>\n<div  class='avia-icon-list-container av-2bymib-fffe128762e3b415ca1d88efcf669e60  avia-builder-el-4  el_after_av_heading  avia-builder-el-last '><ul class='avia-icon-list avia_animate_when_almost_visible avia-icon-list-left av-iconlist-small av-2bymib-fffe128762e3b415ca1d88efcf669e60 avia-iconlist-animate'>\n<li><div class='iconlist_icon av-2bcf4j-29cd630276981261d7707b98bb3dfff4 avia-font-entypo-fontello'><span class='iconlist-char' aria-hidden='true' data-av_icon='\ue871' data-av_iconfont='entypo-fontello'><\/span><\/div><article class=\"article-icon-entry av-iconlist-empty\"  itemscope=\"itemscope\" itemtype=\"https:\/\/schema.org\/CreativeWork\" ><div class=\"iconlist_content_wrap\"><header class=\"entry-content-header\" aria-label=\"Icon: Demode salvestamine\"><div class='av_iconlist_title iconlist_title_small  av_inherit_color'  itemprop=\"headline\" >Demode salvestamine<\/div><\/header><div class='iconlist_content av_inherit_color'  itemprop=\"text\" ><\/div><\/div><footer class=\"entry-footer\"><\/footer><\/article><div class=\"iconlist-timeline\"><\/div><\/li>\n<li><div class='iconlist_icon av-22l06r-1748f8fb0ff3e51df2451f79d4ba6f51 avia-font-entypo-fontello'><span class='iconlist-char' aria-hidden='true' data-av_icon='\ue871' data-av_iconfont='entypo-fontello'><\/span><\/div><article class=\"article-icon-entry av-iconlist-empty\"  itemscope=\"itemscope\" itemtype=\"https:\/\/schema.org\/CreativeWork\" ><div class=\"iconlist_content_wrap\"><header class=\"entry-content-header\" aria-label=\"Icon: Lugude arran\u017eeerimine\"><div class='av_iconlist_title iconlist_title_small  av_inherit_color'  itemprop=\"headline\" >Lugude arran\u017eeerimine<\/div><\/header><div class='iconlist_content av_inherit_color'  itemprop=\"text\" ><\/div><\/div><footer class=\"entry-footer\"><\/footer><\/article><div class=\"iconlist-timeline\"><\/div><\/li>\n<li><div class='iconlist_icon av-1ybyxf-f6800ae94a53babb4da2bf69014cd636 avia-font-entypo-fontello'><span class='iconlist-char' aria-hidden='true' data-av_icon='\ue871' data-av_iconfont='entypo-fontello'><\/span><\/div><article class=\"article-icon-entry av-iconlist-empty\"  itemscope=\"itemscope\" itemtype=\"https:\/\/schema.org\/CreativeWork\" ><div class=\"iconlist_content_wrap\"><header class=\"entry-content-header\" aria-label=\"Icon: Pillide ja lauljate salvestamine\"><div class='av_iconlist_title iconlist_title_small  av_inherit_color'  itemprop=\"headline\" >Pillide ja lauljate salvestamine<\/div><\/header><div class='iconlist_content av_inherit_color'  itemprop=\"text\" ><\/div><\/div><footer class=\"entry-footer\"><\/footer><\/article><div class=\"iconlist-timeline\"><\/div><\/li>\n<li><div class='iconlist_icon av-1s8igr-07160c9ac4bef2a4ff0bf0946b1ee548 avia-font-entypo-fontello'><span class='iconlist-char' aria-hidden='true' data-av_icon='\ue871' data-av_iconfont='entypo-fontello'><\/span><\/div><article class=\"article-icon-entry av-iconlist-empty\"  itemscope=\"itemscope\" itemtype=\"https:\/\/schema.org\/CreativeWork\" ><div class=\"iconlist_content_wrap\"><header class=\"entry-content-header\" aria-label=\"Icon: Fonogrammide tootmine\"><div class='av_iconlist_title iconlist_title_small  av_inherit_color'  itemprop=\"headline\" >Fonogrammide tootmine<\/div><\/header><div class='iconlist_content av_inherit_color'  itemprop=\"text\" ><\/div><\/div><footer class=\"entry-footer\"><\/footer><\/article><div class=\"iconlist-timeline\"><\/div><\/li>\n<li><div class='iconlist_icon av-1ng8az-54f47d62b88fbcd69d5e14b5482a2378 avia-font-entypo-fontello'><span class='iconlist-char' aria-hidden='true' data-av_icon='\ue871' data-av_iconfont='entypo-fontello'><\/span><\/div><article class=\"article-icon-entry av-iconlist-empty\"  itemscope=\"itemscope\" itemtype=\"https:\/\/schema.org\/CreativeWork\" ><div class=\"iconlist_content_wrap\"><header class=\"entry-content-header\" aria-label=\"Icon: Originaalmuusika ja helilogode tootmine\"><div class='av_iconlist_title iconlist_title_small  av_inherit_color'  itemprop=\"headline\" >Originaalmuusika ja helilogode tootmine<\/div><\/header><div class='iconlist_content av_inherit_color'  itemprop=\"text\" ><\/div><\/div><footer class=\"entry-footer\"><\/footer><\/article><div class=\"iconlist-timeline\"><\/div><\/li>\n<li><div class='iconlist_icon av-1ekmwj-9da0c8a32a53b9ac984e95449e4ed6d1 avia-font-entypo-fontello'><span class='iconlist-char' aria-hidden='true' data-av_icon='\ue871' data-av_iconfont='entypo-fontello'><\/span><\/div><article class=\"article-icon-entry av-iconlist-empty\"  itemscope=\"itemscope\" itemtype=\"https:\/\/schema.org\/CreativeWork\" ><div class=\"iconlist_content_wrap\"><header class=\"entry-content-header\" aria-label=\"Icon: Audioreklaamide valmistamine\"><div class='av_iconlist_title iconlist_title_small  av_inherit_color'  itemprop=\"headline\" >Audioreklaamide valmistamine<\/div><\/header><div class='iconlist_content av_inherit_color'  itemprop=\"text\" ><\/div><\/div><footer class=\"entry-footer\"><\/footer><\/article><div class=\"iconlist-timeline\"><\/div><\/li>\n<li><a href='https:\/\/longplay.ee\/et\/arvutimuusika-koolitus\/' title='&lt;strong&gt;Arvutimuusika ja helisalvestuse kursused&lt;\/strong&gt;'  class='iconlist_icon av-4h7pf-08d23e98c283a1f86910009a20bf8437 avia-font-entypo-fontello'><span class='iconlist-char' aria-hidden='true' data-av_icon='\ue871' data-av_iconfont='entypo-fontello'><\/span><\/a><article class=\"article-icon-entry av-iconlist-empty\"  itemscope=\"itemscope\" itemtype=\"https:\/\/schema.org\/CreativeWork\" ><div class=\"iconlist_content_wrap\"><header class=\"entry-content-header\" aria-label=\"Icon: &lt;a href=&#039;https:\/\/longplay.ee\/et\/arvutimuusika-koolitus\/&#039; title=&#039;&lt;strong&gt;Arvutimuusika ja helisalvestuse kursused&lt;\/strong&gt;&#039;&gt;&lt;strong&gt;Arvutimuusika ja helisalvestuse kursused&lt;\/strong&gt;&lt;\/a&gt;\"><div class='av_iconlist_title iconlist_title_small  av_inherit_color'  itemprop=\"headline\" ><a href='https:\/\/longplay.ee\/et\/arvutimuusika-koolitus\/' title='&lt;strong&gt;Arvutimuusika ja helisalvestuse kursused&lt;\/strong&gt;'><strong>Arvutimuusika ja helisalvestuse kursused<\/strong><\/a><\/div><\/header><div class='iconlist_content av_inherit_color'  itemprop=\"text\" ><\/div><\/div><footer class=\"entry-footer\"><\/footer><\/article><div class=\"iconlist-timeline\"><\/div><\/li>\n<li><div class='iconlist_icon av-wegqz-3b89a2d3c23d23cd46c4c495c76e6e48 avia-font-entypo-fontello'><span class='iconlist-char' aria-hidden='true' data-av_icon='\ue871' data-av_iconfont='entypo-fontello'><\/span><\/div><article class=\"article-icon-entry av-iconlist-empty\"  itemscope=\"itemscope\" itemtype=\"https:\/\/schema.org\/CreativeWork\" ><div class=\"iconlist_content_wrap\"><header class=\"entry-content-header\" aria-label=\"Icon: Miksimine ja e-miksimine\"><div class='av_iconlist_title iconlist_title_small  av_inherit_color'  itemprop=\"headline\" >Miksimine ja e-miksimine<\/div><\/header><div class='iconlist_content av_inherit_color'  itemprop=\"text\" ><\/div><\/div><footer class=\"entry-footer\"><\/footer><\/article><div class=\"iconlist-timeline\"><\/div><\/li>\n<li><div class='iconlist_icon av-r4pqb-6e662e878071490a9b6703c1154561d8 avia-font-entypo-fontello'><span class='iconlist-char' aria-hidden='true' data-av_icon='\ue871' data-av_iconfont='entypo-fontello'><\/span><\/div><article class=\"article-icon-entry av-iconlist-empty\"  itemscope=\"itemscope\" itemtype=\"https:\/\/schema.org\/CreativeWork\" ><div class=\"iconlist_content_wrap\"><header class=\"entry-content-header\" aria-label=\"Icon: Masterdamine ja e-masterdamine \"><div class='av_iconlist_title iconlist_title_small  av_inherit_color'  itemprop=\"headline\" >Masterdamine ja e-masterdamine <\/div><\/header><div class='iconlist_content av_inherit_color'  itemprop=\"text\" ><\/div><\/div><footer class=\"entry-footer\"><\/footer><\/article><div class=\"iconlist-timeline\"><\/div><\/li>\n<\/ul><\/div><\/p><\/div>\n<style type=\"text\/css\" data-created_by=\"avia_inline_auto\" id=\"style-css-av-nhqgb-22af4ee1afc4722bfb2800a0ae3b8fe7\">\n.flex_column.av-nhqgb-22af4ee1afc4722bfb2800a0ae3b8fe7{\nborder-radius:0px 0px 0px 0px;\npadding:0px 0px 0px 0px;\n}\n<\/style>\n<div  class='flex_column av-nhqgb-22af4ee1afc4722bfb2800a0ae3b8fe7 av_one_half  avia-builder-el-5  el_after_av_one_half  avia-builder-el-last  flex_column_div av-zero-column-padding  '     ><p>\n<style type=\"text\/css\" data-created_by=\"avia_inline_auto\" id=\"style-css-av-h9xcr-fd2120eac22cb78d193fe36f4a9b1d36\">\n#top .av-special-heading.av-h9xcr-fd2120eac22cb78d193fe36f4a9b1d36{\npadding-bottom:0;\ncolor:#0a0a0a;\nfont-size:50px;\n}\nbody .av-special-heading.av-h9xcr-fd2120eac22cb78d193fe36f4a9b1d36 .av-special-heading-tag .heading-char{\nfont-size:25px;\n}\n#top #wrap_all .av-special-heading.av-h9xcr-fd2120eac22cb78d193fe36f4a9b1d36 .av-special-heading-tag{\nfont-size:50px;\n}\n.av-special-heading.av-h9xcr-fd2120eac22cb78d193fe36f4a9b1d36 .special-heading-inner-border{\nborder-color:#0a0a0a;\n}\n.av-special-heading.av-h9xcr-fd2120eac22cb78d193fe36f4a9b1d36 .av-subheading{\nfont-size:25px;\n}\n\n@media only screen and (min-width: 480px) and (max-width: 767px){ \n#top #wrap_all .av-special-heading.av-h9xcr-fd2120eac22cb78d193fe36f4a9b1d36 .av-special-heading-tag{\nfont-size:0.8em;\n}\n}\n\n@media only screen and (max-width: 479px){ \n#top #wrap_all .av-special-heading.av-h9xcr-fd2120eac22cb78d193fe36f4a9b1d36 .av-special-heading-tag{\nfont-size:0.8em;\n}\n}\n<\/style>\n<div  class='av-special-heading av-h9xcr-fd2120eac22cb78d193fe36f4a9b1d36 av-special-heading-h1 custom-color-heading blockquote modern-quote  avia-builder-el-6  el_before_av_textblock  avia-builder-el-first  av-thin-font av-inherit-size'><h1 class='av-special-heading-tag '  itemprop=\"headline\"  ><strong>Uus teenus!<\/strong><\/h1><div class=\"special-heading-border\"><div class=\"special-heading-inner-border\"><\/div><\/div><\/div><br \/>\n<section  class='av_textblock_section av-bn9tv-c65c739a4f17bb30b0b982b02fd52a95 '   itemscope=\"itemscope\" itemtype=\"https:\/\/schema.org\/CreativeWork\" ><div class='avia_textblock'  itemprop=\"text\" ><p><span class=\"textbold\"><strong>Demopakett<\/strong> <\/span><\/p>\n<p>V\u00f5imalus salvestada LongPlay stuudios demo v\u00f5i \u00fcllatus oma tuttavale.<\/p>\n<p>Vali <a class=\"textallakriips\" href=\"http:\/\/www.karaoke-version.com\/\">siit<\/a> v\u00e4lja lugu ja laula see enda h\u00e4\u00e4lega sisse. Pakett sisaldab 2h laulmist, vajadusel h\u00e4\u00e4le \u201ctuunimist\u201d ja loo kokkum\u00e4ngu.<\/p>\n<\/div><\/section><\/p><\/div><\/div><\/div><\/div><!-- close content main div --><\/div><\/div><div id='after_section_2'  class='main_color av_default_container_wrap container_wrap sidebar_right'  ><div class='container av-section-cont-open' ><div class='template-page content  av-content-small alpha units'><div class='post-entry post-entry-type-page post-entry-603'><div class='entry-content-wrapper clearfix'>\n","protected":false},"excerpt":{"rendered":"","protected":false},"author":1,"featured_media":0,"parent":0,"menu_order":0,"comment_status":"closed","ping_status":"closed","template":"","meta":{"footnotes":""},"class_list":["post-603","page","type-page","status-publish","hentry"],"_links":{"self":[{"href":"https:\/\/longplay.ee\/et\/wp-json\/wp\/v2\/pages\/603","targetHints":{"allow":["GET"]}}],"collection":[{"href":"https:\/\/longplay.ee\/et\/wp-json\/wp\/v2\/pages"}],"about":[{"href":"https:\/\/longplay.ee\/et\/wp-json\/wp\/v2\/types\/page"}],"author":[{"embeddable":true,"href":"https:\/\/longplay.ee\/et\/wp-json\/wp\/v2\/users\/1"}],"replies":[{"embeddable":true,"href":"https:\/\/longplay.ee\/et\/wp-json\/wp\/v2\/comments?post=603"}],"version-history":[{"count":5,"href":"https:\/\/longplay.ee\/et\/wp-json\/wp\/v2\/pages\/603\/revisions"}],"predecessor-version":[{"id":3714,"href":"https:\/\/longplay.ee\/et\/wp-json\/wp\/v2\/pages\/603\/revisions\/3714"}],"wp:attachment":[{"href":"https:\/\/longplay.ee\/et\/wp-json\/wp\/v2\/media?parent=603"}],"curies":[{"name":"wp","href":"https:\/\/api.w.org\/{rel}","templated":true}]}}