{"id":3574,"date":"2017-06-20T18:30:41","date_gmt":"2017-06-20T18:30:41","guid":{"rendered":"http:\/\/longplay.ee\/et\/?page_id=3574"},"modified":"2018-09-17T11:43:20","modified_gmt":"2018-09-17T11:43:20","slug":"arvutimuusika-koolitus","status":"publish","type":"page","link":"https:\/\/longplay.ee\/et\/arvutimuusika-koolitus\/","title":{"rendered":"Arvutimuusika koolitus"},"content":{"rendered":"\n<style type=\"text\/css\" data-created_by=\"avia_inline_auto\" id=\"style-css-av-av_section-a1a229155a953033295411d66b93cce4\">\n.avia-section.av-av_section-a1a229155a953033295411d66b93cce4{\nbackground-color:#ffffff;\nbackground-image:url(https:\/\/longplay.ee\/et\/wp-content\/uploads\/2017\/06\/4348385448_62826bfc54_o-1500x630.jpg);\nbackground-repeat:no-repeat;\nbackground-position:0% 0%;\nbackground-attachment:fixed;\n}\n.avia-section.av-av_section-a1a229155a953033295411d66b93cce4 .av-section-color-overlay{\nopacity:0.4;\nbackground-color:#0a0a0a;\n}\n<\/style>\n<div id='av_section_1'  class='avia-section av-av_section-a1a229155a953033295411d66b93cce4 main_color avia-section-huge avia-no-border-styling  avia-builder-el-0  el_before_av_section  avia-builder-el-first  avia-full-stretch avia-bg-style-fixed av-section-color-overlay-active container_wrap sidebar_right'  data-section-bg-repeat='stretch'><div class=\"av-section-color-overlay-wrap\"><div class=\"av-section-color-overlay\"><\/div><div class='container av-section-cont-open' ><main  role=\"main\" itemprop=\"mainContentOfPage\"  class='template-page content  av-content-small alpha units'><div class='post-entry post-entry-type-page post-entry-3574'><div class='entry-content-wrapper clearfix'>\n<\/div><\/div><\/main><!-- close content main element --><\/div><\/div><\/div><div id='av_section_2'  class='avia-section av-av_section-ab35e41d30c284ba64bd8e598dfb7efa main_color avia-section-large avia-no-border-styling  avia-builder-el-1  el_after_av_section  avia-builder-el-last  avia-bg-style-scroll container_wrap sidebar_right'  ><div class='container av-section-cont-open' ><div class='template-page content  av-content-small alpha units'><div class='post-entry post-entry-type-page post-entry-3574'><div class='entry-content-wrapper clearfix'>\n\n<style type=\"text\/css\" data-created_by=\"avia_inline_auto\" id=\"style-css-av-av_one_full-6126cab7d8fab8d08143dd2dacdf673c\">\n.flex_column.av-av_one_full-6126cab7d8fab8d08143dd2dacdf673c{\nborder-radius:0px 0px 0px 0px;\npadding:0px 0px 0px 0px;\n}\n<\/style>\n<div  class='flex_column av-av_one_full-6126cab7d8fab8d08143dd2dacdf673c av_one_full  avia-builder-el-2  el_before_av_three_fifth  avia-builder-el-first  first flex_column_div av-zero-column-padding  '     ><style type=\"text\/css\" data-created_by=\"avia_inline_auto\" id=\"style-css-av-av_heading-cd84fcfe466778540b95afb2d3ce95b9\">\n#top .av-special-heading.av-av_heading-cd84fcfe466778540b95afb2d3ce95b9{\npadding-bottom:0;\ncolor:#0a0a0a;\nfont-size:40px;\n}\nbody .av-special-heading.av-av_heading-cd84fcfe466778540b95afb2d3ce95b9 .av-special-heading-tag .heading-char{\nfont-size:25px;\n}\n#top #wrap_all .av-special-heading.av-av_heading-cd84fcfe466778540b95afb2d3ce95b9 .av-special-heading-tag{\nfont-size:40px;\n}\n.av-special-heading.av-av_heading-cd84fcfe466778540b95afb2d3ce95b9 .special-heading-inner-border{\nborder-color:#0a0a0a;\n}\n.av-special-heading.av-av_heading-cd84fcfe466778540b95afb2d3ce95b9 .av-subheading{\nfont-size:20px;\n}\n\n@media only screen and (min-width: 480px) and (max-width: 767px){ \n#top #wrap_all .av-special-heading.av-av_heading-cd84fcfe466778540b95afb2d3ce95b9 .av-special-heading-tag{\nfont-size:0.8em;\n}\n}\n\n@media only screen and (max-width: 479px){ \n#top #wrap_all .av-special-heading.av-av_heading-cd84fcfe466778540b95afb2d3ce95b9 .av-special-heading-tag{\nfont-size:0.8em;\n}\n}\n<\/style>\n<div  class='av-special-heading av-av_heading-cd84fcfe466778540b95afb2d3ce95b9 av-special-heading-h1 custom-color-heading blockquote modern-quote  avia-builder-el-3  avia-builder-el-no-sibling  av-thin-font av-inherit-size'><h1 class='av-special-heading-tag '  itemprop=\"headline\"  ><strong>KURSUS: arvutimuusika ja helisalvestus kodustes tingimustes<\/strong><\/h1><div class=\"special-heading-border\"><div class=\"special-heading-inner-border\"><\/div><\/div><\/div><\/div>\n<style type=\"text\/css\" data-created_by=\"avia_inline_auto\" id=\"style-css-av-av_three_fifth-6126cab7d8fab8d08143dd2dacdf673c\">\n.flex_column.av-av_three_fifth-6126cab7d8fab8d08143dd2dacdf673c{\nborder-radius:0px 0px 0px 0px;\npadding:0px 0px 0px 0px;\n}\n<\/style>\n<div  class='flex_column av-av_three_fifth-6126cab7d8fab8d08143dd2dacdf673c av_three_fifth  avia-builder-el-4  el_after_av_one_full  el_before_av_two_fifth  first flex_column_div av-zero-column-padding  column-top-margin'     ><p>\n<style type=\"text\/css\" data-created_by=\"avia_inline_auto\" id=\"style-css-av-av_heading-82852e8e4f60f393dae8f215e91d5b13\">\n#top .av-special-heading.av-av_heading-82852e8e4f60f393dae8f215e91d5b13{\npadding-bottom:0;\ncolor:#0a0a0a;\nfont-size:30px;\n}\nbody .av-special-heading.av-av_heading-82852e8e4f60f393dae8f215e91d5b13 .av-special-heading-tag .heading-char{\nfont-size:25px;\n}\n#top #wrap_all .av-special-heading.av-av_heading-82852e8e4f60f393dae8f215e91d5b13 .av-special-heading-tag{\nfont-size:30px;\n}\n.av-special-heading.av-av_heading-82852e8e4f60f393dae8f215e91d5b13 .special-heading-inner-border{\nborder-color:#0a0a0a;\n}\n.av-special-heading.av-av_heading-82852e8e4f60f393dae8f215e91d5b13 .av-subheading{\nfont-size:20px;\n}\n\n@media only screen and (min-width: 480px) and (max-width: 767px){ \n#top #wrap_all .av-special-heading.av-av_heading-82852e8e4f60f393dae8f215e91d5b13 .av-special-heading-tag{\nfont-size:0.8em;\n}\n}\n\n@media only screen and (max-width: 479px){ \n#top #wrap_all .av-special-heading.av-av_heading-82852e8e4f60f393dae8f215e91d5b13 .av-special-heading-tag{\nfont-size:0.8em;\n}\n}\n<\/style>\n<div  class='av-special-heading av-av_heading-82852e8e4f60f393dae8f215e91d5b13 av-special-heading-h1 custom-color-heading blockquote modern-quote  avia-builder-el-5  el_before_av_hr  avia-builder-el-first  av-thin-font av-inherit-size'><h1 class='av-special-heading-tag '  itemprop=\"headline\"  ><strong>Kirjeldus<\/strong><\/h1><div class=\"special-heading-border\"><div class=\"special-heading-inner-border\"><\/div><\/div><\/div><br \/>\n<div  class='hr av-av_hr-dcd2069817a0e3d34ae04cad8f3443c7 hr-default  avia-builder-el-6  el_after_av_heading  el_before_av_textblock '><span class='hr-inner '><span class=\"hr-inner-style\"><\/span><\/span><\/div><br \/>\n<section  class='av_textblock_section av-av_textblock-396ddf1f42196ca838231e61a4602801 '   itemscope=\"itemscope\" itemtype=\"https:\/\/schema.org\/CreativeWork\" ><div class='avia_textblock'  itemprop=\"text\" ><h3><span style=\"color: #000000;\">Arvutimuusika koolitus<\/span><\/h3>\n<p>Viimaste aastate tehnoloogia areng on loonud suurep\u00e4rased v\u00f5imalused realiseerida oma<br \/>\nmuusikalised ideed otsast l\u00f5puni kodus. Vaja on ainult arvutit, elementaarset helisalvestustehnikat, pillim\u00e4nguoskust ja teadmisi, kuidas seda k\u00f5ike kasutada. Kursus annab \u00fclevaate muusika tegemise v\u00f5imalustest arvutiga ja aitab orienteerida selles maailmas.<\/p>\n<h3><span style=\"color: #000000;\">Kursus h\u00f5lmab endas j\u00e4rgmisi teemasid:<\/span><\/h3>\n<ul>\n<li>Ruumide akustika helisalvestuseks ja monitooring<\/li>\n<li>Tehnika komplekteerimine<\/li>\n<li>Tutvus helisalvestusprogrammiga Cubase Pro 8.5<\/li>\n<li>Salvestamine audios ja MIDI-s<\/li>\n<li>VST instrumendid ja soundipangad<\/li>\n<li>Miksimine ja masterdamine<\/li>\n<\/ul>\n<p><strong>Kestus: <\/strong>Kokkuleppel<\/p>\n<p><strong>Toimumiskoht:\u00a0<\/strong>LongPlay Productions stuudio J\u00fcris, Ristiku tn 18.<br \/>\nKokkuleppel on kursusi v\u00f5imalik l\u00e4bi viia ka huviliste juures \u00fcle Eesti. Uuri selle kohta<br \/>\nl\u00e4hemalt.<\/p>\n<p><strong>Registreerimine: <\/strong>Registreerimiseks palume t\u00e4ita k\u00f5rvalolev kontaktvorm.<\/p>\n<p><strong>Osav\u00f5tumaks: <\/strong>30 eur\/h +km<\/p>\n<p>Kursuste l\u00e4biviijaks on Toomas Leis, kes on l\u00f5petanud G. Otsa muusikakooli ja TT\u00dc ning t\u00f6\u00f6tab LongPlay Productions stuudios. Lisainfo toomas@longplay.ee v\u00f5i tel 50 42 878.<\/p>\n<p>Vii oma muusikalised ideed ellu oma kodus!<\/p>\n<\/div><\/section><\/p><\/div>\n<style type=\"text\/css\" data-created_by=\"avia_inline_auto\" id=\"style-css-av-av_two_fifth-0aa7055fe62c3622faec82866afbaeb2\">\n.flex_column.av-av_two_fifth-0aa7055fe62c3622faec82866afbaeb2{\nborder-radius:0px 0px 0px 0px;\npadding:0px 0px 0px 0px;\n}\n<\/style>\n<div  class='flex_column av-av_two_fifth-0aa7055fe62c3622faec82866afbaeb2 av_two_fifth  avia-builder-el-8  el_after_av_three_fifth  avia-builder-el-last  flex_column_div av-zero-column-padding  column-top-margin'     ><p>\n<style type=\"text\/css\" data-created_by=\"avia_inline_auto\" id=\"style-css-av-av_heading-b2b4c3695e6837dada67338ec46c46ed\">\n#top .av-special-heading.av-av_heading-b2b4c3695e6837dada67338ec46c46ed{\npadding-bottom:0;\ncolor:#0a0a0a;\nfont-size:30px;\n}\nbody .av-special-heading.av-av_heading-b2b4c3695e6837dada67338ec46c46ed .av-special-heading-tag .heading-char{\nfont-size:25px;\n}\n#top #wrap_all .av-special-heading.av-av_heading-b2b4c3695e6837dada67338ec46c46ed .av-special-heading-tag{\nfont-size:30px;\n}\n.av-special-heading.av-av_heading-b2b4c3695e6837dada67338ec46c46ed .special-heading-inner-border{\nborder-color:#0a0a0a;\n}\n.av-special-heading.av-av_heading-b2b4c3695e6837dada67338ec46c46ed .av-subheading{\nfont-size:20px;\n}\n\n@media only screen and (min-width: 480px) and (max-width: 767px){ \n#top #wrap_all .av-special-heading.av-av_heading-b2b4c3695e6837dada67338ec46c46ed .av-special-heading-tag{\nfont-size:0.8em;\n}\n}\n\n@media only screen and (max-width: 479px){ \n#top #wrap_all .av-special-heading.av-av_heading-b2b4c3695e6837dada67338ec46c46ed .av-special-heading-tag{\nfont-size:0.8em;\n}\n}\n<\/style>\n<div  class='av-special-heading av-av_heading-b2b4c3695e6837dada67338ec46c46ed av-special-heading-h1 custom-color-heading blockquote modern-quote  avia-builder-el-9  el_before_av_hr  avia-builder-el-first  av-thin-font av-inherit-size'><h1 class='av-special-heading-tag '  itemprop=\"headline\"  ><strong>Registreerimine<\/strong><\/h1><div class=\"special-heading-border\"><div class=\"special-heading-inner-border\"><\/div><\/div><\/div><br \/>\n<div  class='hr av-av_hr-dcd2069817a0e3d34ae04cad8f3443c7 hr-default  avia-builder-el-10  el_after_av_heading  el_before_av_contact '><span class='hr-inner '><span class=\"hr-inner-style\"><\/span><\/span><\/div><br \/>\n<form action=\"https:\/\/longplay.ee\/et\/arvutimuusika-koolitus\/\" method=\"post\" data-fields-with-error=\"Found errors in the following field(s):\" class=\"avia_ajax_form av-form-labels-visible   avia-builder-el-11  el_after_av_hr  avia-builder-el-last   \" data-avia-form-id=\"1\" data-avia-redirect='' ><fieldset><p class='  first_form  form_element form_element_half' id='element_avia_1_1'><label for=\"avia_1_1\">Eesnimi <abbr class=\"required\" title=\"required\">*<\/abbr><\/label> <input name=\"avia_1_1\" class=\"text_input is_empty\" type=\"text\" id=\"avia_1_1\" value=\"\" \/><\/p><p class='  form_element form_element_half' id='element_avia_2_1'><label for=\"avia_2_1\">Perekonnanimi <abbr class=\"required\" title=\"required\">*<\/abbr><\/label> <input name=\"avia_2_1\" class=\"text_input is_empty\" type=\"text\" id=\"avia_2_1\" value=\"\" \/><\/p><p class='  first_form  form_element form_element_fourth' id='element_avia_3_1'><label for=\"avia_3_1\">Vanus <abbr class=\"required\" title=\"required\">*<\/abbr><\/label> <input name=\"avia_3_1\" class=\"text_input is_empty\" type=\"text\" id=\"avia_3_1\" value=\"\" \/><\/p><p class='  form_element form_element_three_fourth' id='element_avia_4_1'><label for=\"avia_4_1\">Telefon <abbr class=\"required\" title=\"required\">*<\/abbr><\/label> <input name=\"avia_4_1\" class=\"text_input is_empty\" type=\"text\" id=\"avia_4_1\" value=\"\" \/><\/p><p class='  first_form  form_element form_fullwidth' id='element_avia_5_1'><label for=\"avia_5_1\">Kust said informatsiooni kursuse kohta? <abbr class=\"required\" title=\"required\">*<\/abbr><\/label> <input name=\"avia_5_1\" class=\"text_input is_empty\" type=\"text\" id=\"avia_5_1\" value=\"\" \/><\/p><p class='  first_form  form_element form_fullwidth av-last-visible-form-element' id='element_avia_6_1'><label for=\"avia_6_1\" class=\"textare_label hidden textare_label_avia_6_1\">Lisainformatsioon<\/label><textarea  name=\"avia_6_1\" class=\"text_area \" cols=\"40\" rows=\"7\" id=\"avia_6_1\" ><\/textarea><\/p><p class=\"hidden\"><input type=\"text\" name=\"avia_7_1\" class=\"hidden \" id=\"avia_7_1\" value=\"\" \/><\/p><p class=\"form_element \"><input type=\"hidden\" value=\"1\" name=\"avia_generated_form1\" \/><input type=\"submit\" value=\"Registreeri\" class=\"button\"  data-sending-label=\"Sending\"\/><\/p><\/fieldset><\/form><div id=\"ajaxresponse_1\" class=\"ajaxresponse ajaxresponse_1 hidden\"><\/div><\/p><\/div><\/div><\/div><\/div><!-- close content main div --><\/div><\/div><div id='after_section_2'  class='main_color av_default_container_wrap container_wrap sidebar_right'  ><div class='container av-section-cont-open' ><div class='template-page content  av-content-small alpha units'><div class='post-entry post-entry-type-page post-entry-3574'><div class='entry-content-wrapper clearfix'>\n","protected":false},"excerpt":{"rendered":"","protected":false},"author":1,"featured_media":0,"parent":0,"menu_order":0,"comment_status":"closed","ping_status":"closed","template":"","meta":{"footnotes":""},"class_list":["post-3574","page","type-page","status-publish","hentry"],"_links":{"self":[{"href":"https:\/\/longplay.ee\/et\/wp-json\/wp\/v2\/pages\/3574","targetHints":{"allow":["GET"]}}],"collection":[{"href":"https:\/\/longplay.ee\/et\/wp-json\/wp\/v2\/pages"}],"about":[{"href":"https:\/\/longplay.ee\/et\/wp-json\/wp\/v2\/types\/page"}],"author":[{"embeddable":true,"href":"https:\/\/longplay.ee\/et\/wp-json\/wp\/v2\/users\/1"}],"replies":[{"embeddable":true,"href":"https:\/\/longplay.ee\/et\/wp-json\/wp\/v2\/comments?post=3574"}],"version-history":[{"count":5,"href":"https:\/\/longplay.ee\/et\/wp-json\/wp\/v2\/pages\/3574\/revisions"}],"predecessor-version":[{"id":3631,"href":"https:\/\/longplay.ee\/et\/wp-json\/wp\/v2\/pages\/3574\/revisions\/3631"}],"wp:attachment":[{"href":"https:\/\/longplay.ee\/et\/wp-json\/wp\/v2\/media?parent=3574"}],"curies":[{"name":"wp","href":"https:\/\/api.w.org\/{rel}","templated":true}]}}