{"id":3404,"date":"2017-06-19T17:46:12","date_gmt":"2017-06-19T17:46:12","guid":{"rendered":"http:\/\/elemental.ee\/longplay\/?page_id=3404"},"modified":"2025-09-22T09:52:18","modified_gmt":"2025-09-22T09:52:18","slug":"tehtud-tood","status":"publish","type":"page","link":"https:\/\/longplay.ee\/et\/tehtud-tood\/","title":{"rendered":"Tehtud t\u00f6\u00f6d"},"content":{"rendered":"\n<style type=\"text\/css\" data-created_by=\"avia_inline_auto\" id=\"style-css-av-1kxc09o-1216cc2070ebdcf34156d45d186a2a3f\">\n.avia-section.av-1kxc09o-1216cc2070ebdcf34156d45d186a2a3f .av-parallax .av-parallax-inner{\nbackground-color:#ffffff;\nbackground-image:url(https:\/\/longplay.ee\/et\/wp-content\/uploads\/2017\/06\/maxresdefault-1.jpg);\nbackground-repeat:no-repeat;\nbackground-position:50% 50%;\nbackground-attachment:scroll;\n}\n.avia-section.av-1kxc09o-1216cc2070ebdcf34156d45d186a2a3f .av-section-color-overlay{\nopacity:0.4;\nbackground-color:#0a0a0a;\n}\n<\/style>\n<div id='av_section_1'  class='avia-section av-1kxc09o-1216cc2070ebdcf34156d45d186a2a3f main_color avia-section-huge avia-no-border-styling  avia-builder-el-0  el_before_av_section  avia-builder-el-first  avia-full-stretch av-parallax-section avia-bg-style-parallax av-section-color-overlay-active container_wrap sidebar_right'  data-section-bg-repeat='stretch'><div class='av-parallax' data-avia-parallax-ratio='0.3' ><div class='av-parallax-inner main_color avia-full-stretch'><\/div><\/div><div class=\"av-section-color-overlay-wrap\"><div class=\"av-section-color-overlay\"><\/div><div class='container av-section-cont-open' ><main  role=\"main\" itemprop=\"mainContentOfPage\"  class='template-page content  av-content-small alpha units'><div class='post-entry post-entry-type-page post-entry-3404'><div class='entry-content-wrapper clearfix'>\n<\/div><\/div><\/main><!-- close content main element --><\/div><\/div><\/div>\n<style type=\"text\/css\" data-created_by=\"avia_inline_auto\" id=\"style-css-av-1jy3cz0-8eed2f29e1109dc3ecd612624ff0d7bc\">\n.avia-section.av-1jy3cz0-8eed2f29e1109dc3ecd612624ff0d7bc{\nbackground-color:#ffffff;\nbackground-image:unset;\n}\n<\/style>\n<div id='av_section_2'  class='avia-section av-1jy3cz0-8eed2f29e1109dc3ecd612624ff0d7bc main_color avia-section-default avia-no-border-styling  avia-builder-el-1  el_after_av_section  avia-builder-el-last  avia-bg-style-scroll container_wrap sidebar_right'  ><div class='container av-section-cont-open' ><div class='template-page content  av-content-small alpha units'><div class='post-entry post-entry-type-page post-entry-3404'><div class='entry-content-wrapper clearfix'>\n\n<style type=\"text\/css\" data-created_by=\"avia_inline_auto\" id=\"style-css-av-1hdigek-5276ef194ba6e37da0c27b5f4fa81c48\">\n.flex_column.av-1hdigek-5276ef194ba6e37da0c27b5f4fa81c48{\nborder-radius:0px 0px 0px 0px;\npadding:0px 0px 0px 0px;\n}\n<\/style>\n<div  class='flex_column av-1hdigek-5276ef194ba6e37da0c27b5f4fa81c48 av_one_full  avia-builder-el-2  el_before_av_one_third  avia-builder-el-first  first flex_column_div av-zero-column-padding  '     ><style type=\"text\/css\" data-created_by=\"avia_inline_auto\" id=\"style-css-av-1fvhkz0-aec95d5f9d359c911e11cf62c608035d\">\n#top .av-special-heading.av-1fvhkz0-aec95d5f9d359c911e11cf62c608035d{\npadding-bottom:10px;\ncolor:#0a0a0a;\nfont-size:45px;\n}\nbody .av-special-heading.av-1fvhkz0-aec95d5f9d359c911e11cf62c608035d .av-special-heading-tag .heading-char{\nfont-size:25px;\n}\n#top #wrap_all .av-special-heading.av-1fvhkz0-aec95d5f9d359c911e11cf62c608035d .av-special-heading-tag{\nfont-size:45px;\n}\n.av-special-heading.av-1fvhkz0-aec95d5f9d359c911e11cf62c608035d .special-heading-inner-border{\nborder-color:#0a0a0a;\n}\n.av-special-heading.av-1fvhkz0-aec95d5f9d359c911e11cf62c608035d .av-subheading{\nfont-size:15px;\n}\n\n@media only screen and (min-width: 480px) and (max-width: 767px){ \n#top #wrap_all .av-special-heading.av-1fvhkz0-aec95d5f9d359c911e11cf62c608035d .av-special-heading-tag{\nfont-size:0.8em;\n}\n}\n\n@media only screen and (max-width: 479px){ \n#top #wrap_all .av-special-heading.av-1fvhkz0-aec95d5f9d359c911e11cf62c608035d .av-special-heading-tag{\nfont-size:0.8em;\n}\n}\n<\/style>\n<div  class='av-special-heading av-1fvhkz0-aec95d5f9d359c911e11cf62c608035d av-special-heading-h2 custom-color-heading blockquote modern-quote modern-centered  avia-builder-el-3  avia-builder-el-no-sibling  av-thin-font av-inherit-size'><h2 class='av-special-heading-tag '  itemprop=\"headline\"  ><strong>M\u00f5ned n\u00e4ited tehtud t\u00f6\u00f6dest:<\/strong><\/h2><div class=\"special-heading-border\"><div class=\"special-heading-inner-border\"><\/div><\/div><\/div><\/div>\n<style type=\"text\/css\" data-created_by=\"avia_inline_auto\" id=\"style-css-av-1duvzgs-cc95d8afa321aad16bccdd166b072e83\">\n.flex_column.av-1duvzgs-cc95d8afa321aad16bccdd166b072e83{\nborder-radius:0px 0px 0px 0px;\npadding:0px 0px 0px 0px;\n}\n<\/style>\n<div  class='flex_column av-1duvzgs-cc95d8afa321aad16bccdd166b072e83 av_one_third  avia-builder-el-4  el_after_av_one_full  el_before_av_one_third  first flex_column_div av-zero-column-padding  column-top-margin'     ><section  class='av_textblock_section av-1d775b0-5cdd6ee5155ea678588bc37ad099e21a '   itemscope=\"itemscope\" itemtype=\"https:\/\/schema.org\/CreativeWork\" ><div class='avia_textblock'  itemprop=\"text\" ><p><strong>Sepo Seeman<\/strong> &#8211; T\u00e4nulaul<\/p>\n<div class='avia-iframe-wrap'><iframe loading=\"lazy\" title=\"Sepo Seeman &quot;T\u00e4nulaul&quot;\" width=\"1500\" height=\"844\" src=\"https:\/\/www.youtube.com\/embed\/nn5h4eDQA7c?feature=oembed\" frameborder=\"0\" allow=\"accelerometer; autoplay; clipboard-write; encrypted-media; gyroscope; picture-in-picture; web-share\" referrerpolicy=\"strict-origin-when-cross-origin\" allowfullscreen><\/iframe><\/div>\n<\/div><\/section><\/div>\n<style type=\"text\/css\" data-created_by=\"avia_inline_auto\" id=\"style-css-av-1axbeh8-566a0f14d18500ce3ff6e1764476e052\">\n.flex_column.av-1axbeh8-566a0f14d18500ce3ff6e1764476e052{\nborder-radius:0px 0px 0px 0px;\npadding:0px 0px 0px 0px;\n}\n<\/style>\n<div  class='flex_column av-1axbeh8-566a0f14d18500ce3ff6e1764476e052 av_one_third  avia-builder-el-6  el_after_av_one_third  el_before_av_one_third  flex_column_div av-zero-column-padding  column-top-margin'     ><section  class='av_textblock_section av-1a31ang-c441903f1dabd375b0fc3871b3a37593 '   itemscope=\"itemscope\" itemtype=\"https:\/\/schema.org\/CreativeWork\" ><div class='avia_textblock'  itemprop=\"text\" ><p><strong>Ott Lepland\u00a0<\/strong>&#8211; Siin me kokku saime<\/p>\n<div class='avia-iframe-wrap'><iframe loading=\"lazy\" title=\"Ott Lepland - Siin me kokku saime\" width=\"1500\" height=\"844\" src=\"https:\/\/www.youtube.com\/embed\/5dKfSe3y6UY?feature=oembed\" frameborder=\"0\" allow=\"accelerometer; autoplay; clipboard-write; encrypted-media; gyroscope; picture-in-picture; web-share\" referrerpolicy=\"strict-origin-when-cross-origin\" allowfullscreen><\/iframe><\/div>\n<\/div><\/section><\/div>\n<style type=\"text\/css\" data-created_by=\"avia_inline_auto\" id=\"style-css-av-17hhvss-bf93bc0d74fe29c9a9eadcaab59bf256\">\n.flex_column.av-17hhvss-bf93bc0d74fe29c9a9eadcaab59bf256{\nborder-radius:0px 0px 0px 0px;\npadding:0px 0px 0px 0px;\n}\n<\/style>\n<div  class='flex_column av-17hhvss-bf93bc0d74fe29c9a9eadcaab59bf256 av_one_third  avia-builder-el-8  el_after_av_one_third  el_before_av_one_third  flex_column_div av-zero-column-padding  column-top-margin'     ><section  class='av_textblock_section av-16tgtto-d0f95e03a778c2308b42074b49b4a636 '   itemscope=\"itemscope\" itemtype=\"https:\/\/schema.org\/CreativeWork\" ><div class='avia_textblock'  itemprop=\"text\" ><p><strong>Nele-Liis Vaiksoo &amp; R. Roosalu<\/strong> &#8211; T\u00e4he\u00f6\u00f6<\/p>\n<div class='avia-iframe-wrap'><iframe loading=\"lazy\" title=\"Nele-Liis Vaiksoo &amp; Rolf Roosalu - Ta\u0308heo\u0308o\u0308\" width=\"1500\" height=\"844\" src=\"https:\/\/www.youtube.com\/embed\/8DCFoGxBp_Q?feature=oembed\" frameborder=\"0\" allow=\"accelerometer; autoplay; clipboard-write; encrypted-media; gyroscope; picture-in-picture; web-share\" referrerpolicy=\"strict-origin-when-cross-origin\" allowfullscreen><\/iframe><\/div>\n<\/div><\/section><\/div>\n<style type=\"text\/css\" data-created_by=\"avia_inline_auto\" id=\"style-css-av-14rynh8-e637d73c3e0f480509c05f49fd27260d\">\n.flex_column.av-14rynh8-e637d73c3e0f480509c05f49fd27260d{\nborder-radius:0px 0px 0px 0px;\npadding:0px 0px 0px 0px;\n}\n<\/style>\n<div  class='flex_column av-14rynh8-e637d73c3e0f480509c05f49fd27260d av_one_third  avia-builder-el-10  el_after_av_one_third  el_before_av_one_third  first flex_column_div av-zero-column-padding  column-top-margin'     ><section  class='av_textblock_section av-129f1ss-13c8a36b1188cbe043922241356f9752 '   itemscope=\"itemscope\" itemtype=\"https:\/\/schema.org\/CreativeWork\" ><div class='avia_textblock'  itemprop=\"text\" ><p><strong>Grete Paia<\/strong> &#8211; L\u00f5pp Sellel Lool<\/p>\n<div class='avia-iframe-wrap'><iframe loading=\"lazy\" title=\"Grete Paia - L\u00f5pp Sellel Lool (Official music video)\" width=\"1500\" height=\"844\" src=\"https:\/\/www.youtube.com\/embed\/w2sO5tEjnlE?feature=oembed\" frameborder=\"0\" allow=\"accelerometer; autoplay; clipboard-write; encrypted-media; gyroscope; picture-in-picture; web-share\" referrerpolicy=\"strict-origin-when-cross-origin\" allowfullscreen><\/iframe><\/div>\n<\/div><\/section><\/div>\n<style type=\"text\/css\" data-created_by=\"avia_inline_auto\" id=\"style-css-av-3qeofw-c3a289554a3fc7fa66c56e1182a379be\">\n.flex_column.av-3qeofw-c3a289554a3fc7fa66c56e1182a379be{\nborder-radius:0px 0px 0px 0px;\npadding:0px 0px 0px 0px;\n}\n<\/style>\n<div  class='flex_column av-3qeofw-c3a289554a3fc7fa66c56e1182a379be av_one_third  avia-builder-el-12  el_after_av_one_third  el_before_av_one_third  flex_column_div av-zero-column-padding  column-top-margin'     ><section  class='av_textblock_section av-3l87h8-87f67d2a60b3e9f2a1c5f8b98b201280 '   itemscope=\"itemscope\" itemtype=\"https:\/\/schema.org\/CreativeWork\" ><div class='avia_textblock'  itemprop=\"text\" ><p><strong>Erich Krieger<\/strong> &#8211; Vanaisa pill<\/p>\n<div class='avia-iframe-wrap'><iframe loading=\"lazy\" title=\"Erich Krieger &quot;Vanaisa pill&quot;\" width=\"1500\" height=\"844\" src=\"https:\/\/www.youtube.com\/embed\/asWKvQCwO3I?feature=oembed\" frameborder=\"0\" allow=\"accelerometer; autoplay; clipboard-write; encrypted-media; gyroscope; picture-in-picture; web-share\" referrerpolicy=\"strict-origin-when-cross-origin\" allowfullscreen><\/iframe><\/div>\n<\/div><\/section><\/div>\n<style type=\"text\/css\" data-created_by=\"avia_inline_auto\" id=\"style-css-av-ypw00s-6af415eda012e2abd0f0c5ebf8d1620c\">\n.flex_column.av-ypw00s-6af415eda012e2abd0f0c5ebf8d1620c{\nborder-radius:0px 0px 0px 0px;\npadding:0px 0px 0px 0px;\n}\n<\/style>\n<div  class='flex_column av-ypw00s-6af415eda012e2abd0f0c5ebf8d1620c av_one_third  avia-builder-el-14  el_after_av_one_third  el_before_av_one_third  flex_column_div av-zero-column-padding  column-top-margin'     ><section  class='av_textblock_section av-vr3woc-0427981d6eea02025e138c30d555ae8a '   itemscope=\"itemscope\" itemtype=\"https:\/\/schema.org\/CreativeWork\" ><div class='avia_textblock'  itemprop=\"text\" ><p><b>Iiris Vesik<\/b> &#8211; Ice-Cold Story<\/p>\n<div class='avia-iframe-wrap'><iframe loading=\"lazy\" title=\"Vampire Knight - Ice-cold story\" width=\"1500\" height=\"844\" src=\"https:\/\/www.youtube.com\/embed\/N2W5dTmmP_I?feature=oembed\" frameborder=\"0\" allow=\"accelerometer; autoplay; clipboard-write; encrypted-media; gyroscope; picture-in-picture; web-share\" referrerpolicy=\"strict-origin-when-cross-origin\" allowfullscreen><\/iframe><\/div>\n<\/div><\/section><\/div>\n<style type=\"text\/css\" data-created_by=\"avia_inline_auto\" id=\"style-css-av-u271rw-bdae3938be4dbc876340a525cf1fd0a8\">\n.flex_column.av-u271rw-bdae3938be4dbc876340a525cf1fd0a8{\nborder-radius:0px 0px 0px 0px;\npadding:0px 0px 0px 0px;\n}\n<\/style>\n<div  class='flex_column av-u271rw-bdae3938be4dbc876340a525cf1fd0a8 av_one_third  avia-builder-el-16  el_after_av_one_third  el_before_av_one_third  first flex_column_div av-zero-column-padding  column-top-margin'     ><section  class='av_textblock_section av-t2t1ks-a36bd62d5db6f068087ee6f59c6e9624 '   itemscope=\"itemscope\" itemtype=\"https:\/\/schema.org\/CreativeWork\" ><div class='avia_textblock'  itemprop=\"text\" ><p><strong>Dave Benton<\/strong>\u00a0&#8211; Saare naine ja l\u00f5unamaa mees<\/p>\n<div class='avia-iframe-wrap'><iframe loading=\"lazy\" title=\"Dave Benton &quot;Saare naine ja l\u00f5unamaa mees&quot;\" width=\"1500\" height=\"844\" src=\"https:\/\/www.youtube.com\/embed\/rpogdMWCZGY?feature=oembed\" frameborder=\"0\" allow=\"accelerometer; autoplay; clipboard-write; encrypted-media; gyroscope; picture-in-picture; web-share\" referrerpolicy=\"strict-origin-when-cross-origin\" allowfullscreen><\/iframe><\/div>\n<\/div><\/section><\/div>\n<style type=\"text\/css\" data-created_by=\"avia_inline_auto\" id=\"style-css-av-qzbhsc-492978b550ca59347de4846ceacb3a3e\">\n.flex_column.av-qzbhsc-492978b550ca59347de4846ceacb3a3e{\nborder-radius:0px 0px 0px 0px;\npadding:0px 0px 0px 0px;\n}\n<\/style>\n<div  class='flex_column av-qzbhsc-492978b550ca59347de4846ceacb3a3e av_one_third  avia-builder-el-18  el_after_av_one_third  el_before_av_one_third  flex_column_div av-zero-column-padding  column-top-margin'     ><section  class='av_textblock_section av-px3ogs-bfc2375eb34f5926e6797c8660f0ccaa '   itemscope=\"itemscope\" itemtype=\"https:\/\/schema.org\/CreativeWork\" ><div class='avia_textblock'  itemprop=\"text\" ><p><strong>Kadi Toom<\/strong>\u00a0&#8211; Teoorias<\/p>\n<div class='avia-iframe-wrap'><iframe loading=\"lazy\" title=\"Kadi Toom &quot;Teoorias&quot;\" width=\"1500\" height=\"844\" src=\"https:\/\/www.youtube.com\/embed\/R4IOu_YV0ro?feature=oembed\" frameborder=\"0\" allow=\"accelerometer; autoplay; clipboard-write; encrypted-media; gyroscope; picture-in-picture; web-share\" referrerpolicy=\"strict-origin-when-cross-origin\" allowfullscreen><\/iframe><\/div>\n<\/div><\/section><\/div>\n<style type=\"text\/css\" data-created_by=\"avia_inline_auto\" id=\"style-css-av-2d2p98-eda8f980f2ba6cd955c89e65487633ca\">\n.flex_column.av-2d2p98-eda8f980f2ba6cd955c89e65487633ca{\nborder-radius:0px 0px 0px 0px;\npadding:0px 0px 0px 0px;\n}\n<\/style>\n<div  class='flex_column av-2d2p98-eda8f980f2ba6cd955c89e65487633ca av_one_third  avia-builder-el-20  el_after_av_one_third  el_before_av_one_third  flex_column_div av-zero-column-padding  column-top-margin'     ><section  class='av_textblock_section av-m5p2cs-28a3c26deb76c317ab7e0479bb83ed33 '   itemscope=\"itemscope\" itemtype=\"https:\/\/schema.org\/CreativeWork\" ><div class='avia_textblock'  itemprop=\"text\" ><p><strong>Brey Velberk<\/strong>\u00a0&#8211; K\u00f5verpeeglid<\/p>\n<div class='avia-iframe-wrap'><iframe loading=\"lazy\" title=\"Brey Velberk &quot;K\u00f5verpeeglid&quot;\" width=\"1500\" height=\"844\" src=\"https:\/\/www.youtube.com\/embed\/I2fHultplBI?feature=oembed\" frameborder=\"0\" allow=\"accelerometer; autoplay; clipboard-write; encrypted-media; gyroscope; picture-in-picture; web-share\" referrerpolicy=\"strict-origin-when-cross-origin\" allowfullscreen><\/iframe><\/div>\n<\/div><\/section><\/div>\n<style type=\"text\/css\" data-created_by=\"avia_inline_auto\" id=\"style-css-av-lhj2ws-c85692b4b2fda20c0a15e578a042d132\">\n.flex_column.av-lhj2ws-c85692b4b2fda20c0a15e578a042d132{\nborder-radius:0px 0px 0px 0px;\npadding:0px 0px 0px 0px;\n}\n<\/style>\n<div  class='flex_column av-lhj2ws-c85692b4b2fda20c0a15e578a042d132 av_one_third  avia-builder-el-22  el_after_av_one_third  el_before_av_one_third  first flex_column_div av-zero-column-padding  column-top-margin'     ><section  class='av_textblock_section av-ihh4bw-a02329a13d5fc506d5e8b96274bb9861 '   itemscope=\"itemscope\" itemtype=\"https:\/\/schema.org\/CreativeWork\" ><div class='avia_textblock'  itemprop=\"text\" ><p><strong>Dave Benton<\/strong> &#8211; Kui jaamast lahkub rong<\/p>\n<div class='avia-iframe-wrap'><iframe loading=\"lazy\" title=\"Dave Benton - kui jaamast lahkub rong\" width=\"1333\" height=\"1000\" src=\"https:\/\/www.youtube.com\/embed\/6gjQ2QeW2dM?feature=oembed\" frameborder=\"0\" allow=\"accelerometer; autoplay; clipboard-write; encrypted-media; gyroscope; picture-in-picture; web-share\" referrerpolicy=\"strict-origin-when-cross-origin\" allowfullscreen><\/iframe><\/div>\n<\/div><\/section><\/div>\n<style type=\"text\/css\" data-created_by=\"avia_inline_auto\" id=\"style-css-av-i24cn0-6abbdf9722e75f6e68fb4509ebdbb099\">\n.flex_column.av-i24cn0-6abbdf9722e75f6e68fb4509ebdbb099{\nborder-radius:0px 0px 0px 0px;\npadding:0px 0px 0px 0px;\n}\n<\/style>\n<div  class='flex_column av-i24cn0-6abbdf9722e75f6e68fb4509ebdbb099 av_one_third  avia-builder-el-24  el_after_av_one_third  el_before_av_one_third  flex_column_div av-zero-column-padding  column-top-margin'     ><section  class='av_textblock_section av-fxcpwc-7590169119e85c71b7dffa087fd7fac1 '   itemscope=\"itemscope\" itemtype=\"https:\/\/schema.org\/CreativeWork\" ><div class='avia_textblock'  itemprop=\"text\" ><p><strong>Brey Velberk<\/strong>\u00a0&#8211; \u00d5nnetooja<\/p>\n<div class='avia-iframe-wrap'><iframe loading=\"lazy\" title=\"Brey Velberk &quot;\u00d5nnetooja&quot;\" width=\"1500\" height=\"844\" src=\"https:\/\/www.youtube.com\/embed\/C62QZVDCdH8?feature=oembed\" frameborder=\"0\" allow=\"accelerometer; autoplay; clipboard-write; encrypted-media; gyroscope; picture-in-picture; web-share\" referrerpolicy=\"strict-origin-when-cross-origin\" allowfullscreen><\/iframe><\/div>\n<\/div><\/section><\/div>\n<style type=\"text\/css\" data-created_by=\"avia_inline_auto\" id=\"style-css-av-do6wpo-23e6eac00b848b856a67e465669f920b\">\n.flex_column.av-do6wpo-23e6eac00b848b856a67e465669f920b{\nborder-radius:0px 0px 0px 0px;\npadding:0px 0px 0px 0px;\n}\n<\/style>\n<div  class='flex_column av-do6wpo-23e6eac00b848b856a67e465669f920b av_one_third  avia-builder-el-26  el_after_av_one_third  el_before_av_one_third  flex_column_div av-zero-column-padding  column-top-margin'     ><section  class='av_textblock_section av-17u7wc-0456fedb68aaae6075d2d9324afcd95d '   itemscope=\"itemscope\" itemtype=\"https:\/\/schema.org\/CreativeWork\" ><div class='avia_textblock'  itemprop=\"text\" ><p><strong>Madis Arro<\/strong> &#8211; \u00d5ige aeg<\/p>\n<div class='avia-iframe-wrap'><iframe loading=\"lazy\" title=\"Madis Arro &quot;\u00d5ige aeg&quot;\" width=\"1500\" height=\"844\" src=\"https:\/\/www.youtube.com\/embed\/DXFBIcEwexA?feature=oembed\" frameborder=\"0\" allow=\"accelerometer; autoplay; clipboard-write; encrypted-media; gyroscope; picture-in-picture; web-share\" referrerpolicy=\"strict-origin-when-cross-origin\" allowfullscreen><\/iframe><\/div>\n<\/div><\/section><\/div>\n<style type=\"text\/css\" data-created_by=\"avia_inline_auto\" id=\"style-css-av-aps3rg-adb8e60e8a964010a2391fc4c1b12a31\">\n.flex_column.av-aps3rg-adb8e60e8a964010a2391fc4c1b12a31{\nborder-radius:0px 0px 0px 0px;\npadding:0px 0px 0px 0px;\n}\n<\/style>\n<div  class='flex_column av-aps3rg-adb8e60e8a964010a2391fc4c1b12a31 av_one_third  avia-builder-el-28  el_after_av_one_third  el_before_av_one_third  first flex_column_div av-zero-column-padding  column-top-margin'     ><section  class='av_textblock_section av-97fvdo-57ffaa190203cca0de604151b9c649fe '   itemscope=\"itemscope\" itemtype=\"https:\/\/schema.org\/CreativeWork\" ><div class='avia_textblock'  itemprop=\"text\" ><p><strong>Birgit \u00d5igemeel<\/strong> &#8211; Tiivad<\/p>\n<div class='avia-iframe-wrap'><iframe loading=\"lazy\" title=\"Tiivad\" width=\"1333\" height=\"1000\" src=\"https:\/\/www.youtube.com\/embed\/StMN-eGSaGE?feature=oembed\" frameborder=\"0\" allow=\"accelerometer; autoplay; clipboard-write; encrypted-media; gyroscope; picture-in-picture; web-share\" referrerpolicy=\"strict-origin-when-cross-origin\" allowfullscreen><\/iframe><\/div>\n<\/div><\/section><\/div>\n<style type=\"text\/css\" data-created_by=\"avia_inline_auto\" id=\"style-css-av-rtvfw-e78638aa39b1746a5ea8532829de9858\">\n.flex_column.av-rtvfw-e78638aa39b1746a5ea8532829de9858{\nborder-radius:0px 0px 0px 0px;\npadding:0px 0px 0px 0px;\n}\n<\/style>\n<div  class='flex_column av-rtvfw-e78638aa39b1746a5ea8532829de9858 av_one_third  avia-builder-el-30  el_after_av_one_third  el_before_av_one_third  flex_column_div av-zero-column-padding  column-top-margin'     ><section  class='av_textblock_section av-5bbafw-a45a2fca4c9559021747cdc47a3176ca '   itemscope=\"itemscope\" itemtype=\"https:\/\/schema.org\/CreativeWork\" ><div class='avia_textblock'  itemprop=\"text\" ><p><strong>Taavi Immato<\/strong> &#8211; Taevas vaid teab<\/p>\n<div class='avia-iframe-wrap'><iframe loading=\"lazy\" title=\"taavi immato - taevas vaid teab\" width=\"1333\" height=\"1000\" src=\"https:\/\/www.youtube.com\/embed\/b-pRZ1UqUas?feature=oembed\" frameborder=\"0\" allow=\"accelerometer; autoplay; clipboard-write; encrypted-media; gyroscope; picture-in-picture; web-share\" referrerpolicy=\"strict-origin-when-cross-origin\" allowfullscreen><\/iframe><\/div>\n<\/div><\/section><\/div>\n<style type=\"text\/css\" data-created_by=\"avia_inline_auto\" id=\"style-css-av-41s9t8-618c36af90754dda3eecddb9024e3741\">\n.flex_column.av-41s9t8-618c36af90754dda3eecddb9024e3741{\nborder-radius:0px 0px 0px 0px;\npadding:0px 0px 0px 0px;\n}\n<\/style>\n<div  class='flex_column av-41s9t8-618c36af90754dda3eecddb9024e3741 av_one_third  avia-builder-el-32  el_after_av_one_third  avia-builder-el-last  flex_column_div av-zero-column-padding  column-top-margin'     ><section  class='av_textblock_section av-2iao8c-936bad78c519fad61ed82ddade4cad94 '   itemscope=\"itemscope\" itemtype=\"https:\/\/schema.org\/CreativeWork\" ><div class='avia_textblock'  itemprop=\"text\" ><p><strong>Imre Saarna<\/strong> &#8211; Loodan, et n\u00e4eme<\/p>\n<div class='avia-iframe-wrap'><iframe loading=\"lazy\" title=\"Imre Saarna - \u201eLoodan, et n\u00e4eme&quot;\" width=\"1500\" height=\"844\" src=\"https:\/\/www.youtube.com\/embed\/LBIOUP5z_iQ?feature=oembed\" frameborder=\"0\" allow=\"accelerometer; autoplay; clipboard-write; encrypted-media; gyroscope; picture-in-picture; web-share\" referrerpolicy=\"strict-origin-when-cross-origin\" allowfullscreen><\/iframe><\/div>\n<\/div><\/section><\/div><\/div><\/div><\/div><!-- close content main div --><\/div><\/div><div id='after_section_2'  class='main_color av_default_container_wrap container_wrap sidebar_right'  ><div class='container av-section-cont-open' ><div class='template-page content  av-content-small alpha units'><div class='post-entry post-entry-type-page post-entry-3404'><div class='entry-content-wrapper clearfix'>\n","protected":false},"excerpt":{"rendered":"","protected":false},"author":1,"featured_media":0,"parent":0,"menu_order":0,"comment_status":"closed","ping_status":"closed","template":"","meta":{"footnotes":""},"class_list":["post-3404","page","type-page","status-publish","hentry"],"_links":{"self":[{"href":"https:\/\/longplay.ee\/et\/wp-json\/wp\/v2\/pages\/3404","targetHints":{"allow":["GET"]}}],"collection":[{"href":"https:\/\/longplay.ee\/et\/wp-json\/wp\/v2\/pages"}],"about":[{"href":"https:\/\/longplay.ee\/et\/wp-json\/wp\/v2\/types\/page"}],"author":[{"embeddable":true,"href":"https:\/\/longplay.ee\/et\/wp-json\/wp\/v2\/users\/1"}],"replies":[{"embeddable":true,"href":"https:\/\/longplay.ee\/et\/wp-json\/wp\/v2\/comments?post=3404"}],"version-history":[{"count":5,"href":"https:\/\/longplay.ee\/et\/wp-json\/wp\/v2\/pages\/3404\/revisions"}],"predecessor-version":[{"id":3717,"href":"https:\/\/longplay.ee\/et\/wp-json\/wp\/v2\/pages\/3404\/revisions\/3717"}],"wp:attachment":[{"href":"https:\/\/longplay.ee\/et\/wp-json\/wp\/v2\/media?parent=3404"}],"curies":[{"name":"wp","href":"https:\/\/api.w.org\/{rel}","templated":true}]}}